{"id":2,"date":"2026-04-17T06:32:37","date_gmt":"2026-04-17T06:32:37","guid":{"rendered":"https:\/\/kdcphiatayduonglytutrong3161.com\/?page_id=2"},"modified":"2026-04-17T07:11:14","modified_gmt":"2026-04-17T07:11:14","slug":"sample-page","status":"publish","type":"page","link":"https:\/\/kdcphiatayduonglytutrong3161.com\/index.php\/sample-page\/","title":{"rendered":"Th\u00f4ng Tin D\u1ef1 \u00c1n"},"content":{"rendered":"\n<p><\/p>\n\n\n\n<div data-wp-interactive=\"core\/file\" class=\"wp-block-file\"><object data-wp-bind--hidden=\"!state.hasPdfPreview\" hidden class=\"wp-block-file__embed\" data=\"https:\/\/kdcphiatayduonglytutrong3161.com\/wp-content\/uploads\/2026\/04\/QD-TRUNG-DAU-GIA-3161-SS-2.pdf\" type=\"application\/pdf\" style=\"width:100%;height:1024px\" aria-label=\"Embed of Q\u0110 TR\u00daNG \u0110\u1ea4U GI\u00c1 3161 SS.\"><\/object><a id=\"wp-block-file--media-a222785a-6b38-4860-ae1b-b990739be66e\" href=\"https:\/\/kdcphiatayduonglytutrong3161.com\/wp-content\/uploads\/2026\/04\/QD-TRUNG-DAU-GIA-3161-SS-2.pdf\">Q\u0110 TR\u00daNG \u0110\u1ea4U GI\u00c1 3161 SS<\/a><a href=\"https:\/\/kdcphiatayduonglytutrong3161.com\/wp-content\/uploads\/2026\/04\/QD-TRUNG-DAU-GIA-3161-SS-2.pdf\" class=\"wp-block-file__button wp-element-button\" download aria-describedby=\"wp-block-file--media-a222785a-6b38-4860-ae1b-b990739be66e\">Download<\/a><\/div>\n\n\n\n<div data-wp-interactive=\"core\/file\" class=\"wp-block-file\"><object data-wp-bind--hidden=\"!state.hasPdfPreview\" hidden class=\"wp-block-file__embed\" data=\"https:\/\/kdcphiatayduonglytutrong3161.com\/wp-content\/uploads\/2026\/04\/VB-THAM-DINH-HTKT_0001-1.pdf\" type=\"application\/pdf\" style=\"width:100%;height:1024px\" aria-label=\"Embed of VB THAM DINH HTKT_0001.\"><\/object><a id=\"wp-block-file--media-d81e95fa-299c-4397-a231-1c6d6d38d60a\" href=\"https:\/\/kdcphiatayduonglytutrong3161.com\/wp-content\/uploads\/2026\/04\/VB-THAM-DINH-HTKT_0001-1.pdf\">VB THAM DINH HTKT_0001<\/a><a href=\"https:\/\/kdcphiatayduonglytutrong3161.com\/wp-content\/uploads\/2026\/04\/VB-THAM-DINH-HTKT_0001-1.pdf\" class=\"wp-block-file__button wp-element-button\" download aria-describedby=\"wp-block-file--media-d81e95fa-299c-4397-a231-1c6d6d38d60a\">Download<\/a><\/div>\n\n\n\n<div data-wp-interactive=\"core\/file\" class=\"wp-block-file\"><object data-wp-bind--hidden=\"!state.hasPdfPreview\" hidden class=\"wp-block-file__embed\" data=\"https:\/\/kdcphiatayduonglytutrong3161.com\/wp-content\/uploads\/2026\/04\/TB-KHOI-CONG-1.pdf\" type=\"application\/pdf\" style=\"width:100%;height:1024px\" aria-label=\"Embed of TB KHOI CONG.\"><\/object><a id=\"wp-block-file--media-99efeb07-e7e7-46c7-9b89-79ba81f66538\" href=\"https:\/\/kdcphiatayduonglytutrong3161.com\/wp-content\/uploads\/2026\/04\/TB-KHOI-CONG-1.pdf\">TB KHOI CONG<\/a><a href=\"https:\/\/kdcphiatayduonglytutrong3161.com\/wp-content\/uploads\/2026\/04\/TB-KHOI-CONG-1.pdf\" class=\"wp-block-file__button wp-element-button\" download aria-describedby=\"wp-block-file--media-99efeb07-e7e7-46c7-9b89-79ba81f66538\">Download<\/a><\/div>\n\n\n\n<div data-wp-interactive=\"core\/file\" class=\"wp-block-file\"><object data-wp-bind--hidden=\"!state.hasPdfPreview\" hidden class=\"wp-block-file__embed\" data=\"https:\/\/kdcphiatayduonglytutrong3161.com\/wp-content\/uploads\/2026\/04\/GPXD-LTT_0001.pdf\" type=\"application\/pdf\" style=\"width:100%;height:1024px\" aria-label=\"Embed of GPXD LTT_0001.\"><\/object><a id=\"wp-block-file--media-f0c5cafc-cef7-4bad-ac35-8f24815b1d78\" href=\"https:\/\/kdcphiatayduonglytutrong3161.com\/wp-content\/uploads\/2026\/04\/GPXD-LTT_0001.pdf\">GPXD LTT_0001<\/a><a href=\"https:\/\/kdcphiatayduonglytutrong3161.com\/wp-content\/uploads\/2026\/04\/GPXD-LTT_0001.pdf\" class=\"wp-block-file__button wp-element-button\" download aria-describedby=\"wp-block-file--media-f0c5cafc-cef7-4bad-ac35-8f24815b1d78\">Download<\/a><\/div>\n\n\n\n<div data-wp-interactive=\"core\/file\" class=\"wp-block-file\"><object data-wp-bind--hidden=\"!state.hasPdfPreview\" hidden class=\"wp-block-file__embed\" data=\"https:\/\/kdcphiatayduonglytutrong3161.com\/wp-content\/uploads\/2026\/04\/BBBG-DAT_0001.pdf\" type=\"application\/pdf\" style=\"width:100%;height:1024px\" aria-label=\"Embed of BBBG \u0110\u1ea4T_0001.\"><\/object><a id=\"wp-block-file--media-575af46d-6bcc-4ab1-b452-609cdc217c7a\" href=\"https:\/\/kdcphiatayduonglytutrong3161.com\/wp-content\/uploads\/2026\/04\/BBBG-DAT_0001.pdf\">BBBG \u0110\u1ea4T_0001<\/a><a href=\"https:\/\/kdcphiatayduonglytutrong3161.com\/wp-content\/uploads\/2026\/04\/BBBG-DAT_0001.pdf\" class=\"wp-block-file__button wp-element-button\" download aria-describedby=\"wp-block-file--media-575af46d-6bcc-4ab1-b452-609cdc217c7a\">Download<\/a><\/div>\n\n\n\n<div data-wp-interactive=\"core\/file\" class=\"wp-block-file\"><object data-wp-bind--hidden=\"!state.hasPdfPreview\" hidden class=\"wp-block-file__embed\" data=\"https:\/\/kdcphiatayduonglytutrong3161.com\/wp-content\/uploads\/2026\/04\/3828-chap-thuan-chu-truong.pdf\" type=\"application\/pdf\" style=\"width:100%;height:1024px\" aria-label=\"Embed of 3828 ch\u1ea5p thu\u1eadn ch\u1ee7 tr\u01b0\u01a1ng.\"><\/object><a id=\"wp-block-file--media-376b08f4-20a1-49da-869d-7cd64577fc05\" href=\"https:\/\/kdcphiatayduonglytutrong3161.com\/wp-content\/uploads\/2026\/04\/3828-chap-thuan-chu-truong.pdf\">3828 ch\u1ea5p thu\u1eadn ch\u1ee7 tr\u01b0\u01a1ng<\/a><a href=\"https:\/\/kdcphiatayduonglytutrong3161.com\/wp-content\/uploads\/2026\/04\/3828-chap-thuan-chu-truong.pdf\" class=\"wp-block-file__button wp-element-button\" download aria-describedby=\"wp-block-file--media-376b08f4-20a1-49da-869d-7cd64577fc05\">Download<\/a><\/div>\n\n\n\n<div data-wp-interactive=\"core\/file\" class=\"wp-block-file\"><object data-wp-bind--hidden=\"!state.hasPdfPreview\" hidden class=\"wp-block-file__embed\" data=\"https:\/\/kdcphiatayduonglytutrong3161.com\/wp-content\/uploads\/2026\/04\/QD-3161-phe-duyet-QH-signed.pdf\" type=\"application\/pdf\" style=\"width:100%;height:1024px\" aria-label=\"Embed of QD 3161 phe duyet QH-signed.\"><\/object><a id=\"wp-block-file--media-decb1693-ff1b-4d35-8fb1-284c866d6a1a\" href=\"https:\/\/kdcphiatayduonglytutrong3161.com\/wp-content\/uploads\/2026\/04\/QD-3161-phe-duyet-QH-signed.pdf\">QD 3161 phe duyet QH-signed<\/a><a href=\"https:\/\/kdcphiatayduonglytutrong3161.com\/wp-content\/uploads\/2026\/04\/QD-3161-phe-duyet-QH-signed.pdf\" class=\"wp-block-file__button wp-element-button\" download aria-describedby=\"wp-block-file--media-decb1693-ff1b-4d35-8fb1-284c866d6a1a\">Download<\/a><\/div>\n\n\n\n<div data-wp-interactive=\"core\/file\" class=\"wp-block-file\"><object data-wp-bind--hidden=\"!state.hasPdfPreview\" hidden class=\"wp-block-file__embed\" data=\"https:\/\/kdcphiatayduonglytutrong3161.com\/wp-content\/uploads\/2026\/04\/Thong-bao-KQTD-TKCS-du-an-nha-lo-biet-thu-tay-ly-tu-trong-ok_hungpvsamson-19-06-2024.pdf\" type=\"application\/pdf\" style=\"width:100%;height:1024px\" aria-label=\"Embed of Thong-bao-KQTD-TKCS-du-an-nha-lo-biet-thu-tay-ly-tu-trong-ok_hungpvsamson-19-06-2024.\"><\/object><a id=\"wp-block-file--media-e0ecb899-bdf7-42d4-bfdb-e9c80d3c0026\" href=\"https:\/\/kdcphiatayduonglytutrong3161.com\/wp-content\/uploads\/2026\/04\/Thong-bao-KQTD-TKCS-du-an-nha-lo-biet-thu-tay-ly-tu-trong-ok_hungpvsamson-19-06-2024.pdf\">Thong-bao-KQTD-TKCS-du-an-nha-lo-biet-thu-tay-ly-tu-trong-ok_hungpvsamson-19-06-2024<\/a><a href=\"https:\/\/kdcphiatayduonglytutrong3161.com\/wp-content\/uploads\/2026\/04\/Thong-bao-KQTD-TKCS-du-an-nha-lo-biet-thu-tay-ly-tu-trong-ok_hungpvsamson-19-06-2024.pdf\" class=\"wp-block-file__button wp-element-button\" download aria-describedby=\"wp-block-file--media-e0ecb899-bdf7-42d4-bfdb-e9c80d3c0026\">Download<\/a><\/div>\n","protected":false},"excerpt":{"rendered":"","protected":false},"author":1,"featured_media":0,"parent":0,"menu_order":0,"comment_status":"closed","ping_status":"open","template":"","meta":{"footnotes":""},"class_list":["post-2","page","type-page","status-publish","hentry"],"_links":{"self":[{"href":"https:\/\/kdcphiatayduonglytutrong3161.com\/index.php\/wp-json\/wp\/v2\/pages\/2","targetHints":{"allow":["GET"]}}],"collection":[{"href":"https:\/\/kdcphiatayduonglytutrong3161.com\/index.php\/wp-json\/wp\/v2\/pages"}],"about":[{"href":"https:\/\/kdcphiatayduonglytutrong3161.com\/index.php\/wp-json\/wp\/v2\/types\/page"}],"author":[{"embeddable":true,"href":"https:\/\/kdcphiatayduonglytutrong3161.com\/index.php\/wp-json\/wp\/v2\/users\/1"}],"replies":[{"embeddable":true,"href":"https:\/\/kdcphiatayduonglytutrong3161.com\/index.php\/wp-json\/wp\/v2\/comments?post=2"}],"version-history":[{"count":2,"href":"https:\/\/kdcphiatayduonglytutrong3161.com\/index.php\/wp-json\/wp\/v2\/pages\/2\/revisions"}],"predecessor-version":[{"id":36,"href":"https:\/\/kdcphiatayduonglytutrong3161.com\/index.php\/wp-json\/wp\/v2\/pages\/2\/revisions\/36"}],"wp:attachment":[{"href":"https:\/\/kdcphiatayduonglytutrong3161.com\/index.php\/wp-json\/wp\/v2\/media?parent=2"}],"curies":[{"name":"wp","href":"https:\/\/api.w.org\/{rel}","templated":true}]}}